{"id":17923,"date":"2025-09-18T18:28:32","date_gmt":"2025-09-18T16:28:32","guid":{"rendered":"https:\/\/jf-woo.c-1614.maxcluster.net\/produkt\/uncategorized\/led-tail-light-model-265\/"},"modified":"2025-09-23T13:28:46","modified_gmt":"2025-09-23T11:28:46","slug":"led-tail-light-model-265","status":"publish","type":"product","link":"https:\/\/jf-woo.c-1614.maxcluster.net\/en\/product\/rear-and-position-lights\/tail-lights\/led-tail-light-model-265\/","title":{"rendered":"LED tail light model 265"},"content":{"rendered":"<p>In regards to its range of functions this rear light is very similar to model 283. Its design, however, is more in line with traditional rear lights and it is intended for larger vehicles.<\/p>\n","protected":false},"excerpt":{"rendered":"<p>12-24 V,stop light, tail light, backup light and turn signal, ECE road approval (Reg. 3, 6, 7, 23)<\/p>\n","protected":false},"featured_media":0,"comment_status":"closed","ping_status":"closed","template":"","meta":{"_acf_changed":false},"product_brand":[],"product_cat":[181],"product_tag":[],"class_list":{"0":"post-17923","1":"product","2":"type-product","3":"status-publish","5":"product_cat-tail-lights","7":"first","8":"instock","9":"taxable","10":"shipping-taxable","11":"purchasable","12":"product-type-simple"},"acf":{"technische_daten":[{"technische_daten-label":"betriebsspannungnominal","technische_daten-wert":"","technische_daten-attribut_kategorie":"Kennzeichen"},{"technische_daten-label":"betriebsspannungfunktional","technische_daten-wert":"","technische_daten-attribut_kategorie":"Kennzeichen"},{"technische_daten-label":"leistungsaufnahme","technische_daten-wert":"0.72-0.84 (tail), 3.9-4.8 (stop), 5.7-7.8 (turn), 3.9-8.4 (backup)","technische_daten-attribut_kategorie":"Kennzeichen"},{"technische_daten-label":"belastbarkeit","technische_daten-wert":"","technische_daten-attribut_kategorie":"Kennzeichen"},{"technische_daten-label":"temperaturbereich","technische_daten-wert":"-40 to 65","technische_daten-attribut_kategorie":"Kennzeichen"},{"technische_daten-label":"ausgangsspannung","technische_daten-wert":"","technische_daten-attribut_kategorie":"Leistung"},{"technische_daten-label":"helligkeitlmtheor","technische_daten-wert":"","technische_daten-attribut_kategorie":"Leistung"},{"technische_daten-label":"helligkeit","technische_daten-wert":"","technische_daten-attribut_kategorie":"Leistung"},{"technische_daten-label":"helligkeitcd","technische_daten-wert":"","technische_daten-attribut_kategorie":"Leistung"},{"technische_daten-label":"helligkeitix","technische_daten-wert":"","technische_daten-attribut_kategorie":"Leistung"},{"technische_daten-label":"helligkeitreferenzkennzahl","technische_daten-wert":"","technische_daten-attribut_kategorie":"Leistung"},{"technische_daten-label":"helligkeitlmeff","technische_daten-wert":"","technische_daten-attribut_kategorie":"Leistung"},{"technische_daten-label":"lichtbildstreuscheibe","technische_daten-wert":"Stop, tail and turn light with backup light","technische_daten-attribut_kategorie":"Leistung"},{"technische_daten-label":"lautstaerkedb","technische_daten-wert":"","technische_daten-attribut_kategorie":"Leistung"},{"technische_daten-label":"fassung","technische_daten-wert":"","technische_daten-attribut_kategorie":"Leistung"},{"technische_daten-label":"frequenzumdrehungen","technische_daten-wert":"","technische_daten-attribut_kategorie":"Leistung"},{"technische_daten-label":"lebensdauer","technische_daten-wert":"","technische_daten-attribut_kategorie":"Leistung"},{"technische_daten-label":"sonstiges","technische_daten-wert":"","technische_daten-attribut_kategorie":"Leistung"},{"technische_daten-label":"leistungsklasse","technische_daten-wert":"","technische_daten-attribut_kategorie":"Leistung"},{"technische_daten-label":"ausgangsleistunga","technische_daten-wert":"","technische_daten-attribut_kategorie":"Leistung"},{"technische_daten-label":"wirkungsgrad","technische_daten-wert":"","technische_daten-attribut_kategorie":"Leistung"},{"technische_daten-label":"abstrahlwinkel","technische_daten-wert":"","technische_daten-attribut_kategorie":"Leistung"},{"technische_daten-label":"schutzart","technische_daten-wert":"IP67","technische_daten-attribut_kategorie":"Kennzeichen"},{"technische_daten-label":"widerstandsfaehigkeit","technische_daten-wert":"","technische_daten-attribut_kategorie":"Kennzeichen"},{"technische_daten-label":"kennzeichen","technische_daten-wert":"ECE (Reg. 3, 6, 7, 23), SAE (J575, J585, J586, J588, J593, J594, J2040, J2261), FMVSS (108)","technische_daten-attribut_kategorie":"Kennzeichen"},{"technische_daten-label":"emv","technische_daten-wert":"","technische_daten-attribut_kategorie":"Kennzeichen"},{"technische_daten-label":"transientenschutz","technische_daten-wert":"","technische_daten-attribut_kategorie":"Kennzeichen"},{"technische_daten-label":"materialgehaeuse","technische_daten-wert":"ABS","technische_daten-attribut_kategorie":"Sonstiges"},{"technische_daten-label":"materialstreuscheibe","technische_daten-wert":"Acrylic","technische_daten-attribut_kategorie":"Sonstiges"},{"technische_daten-label":"besondereauspraegungen","technische_daten-wert":"","technische_daten-attribut_kategorie":"Sonstiges"},{"technische_daten-label":"optionen","technische_daten-wert":"","technische_daten-attribut_kategorie":"Sonstiges"},{"technische_daten-label":"schliessung","technische_daten-wert":"","technische_daten-attribut_kategorie":"Sonstiges"},{"technische_daten-label":"stellungen","technische_daten-wert":"","technische_daten-attribut_kategorie":"Sonstiges"},{"technische_daten-label":"schluesselabziehbar","technische_daten-wert":"","technische_daten-attribut_kategorie":"Sonstiges"},{"technische_daten-label":"zubehoer","technische_daten-wert":"","technische_daten-attribut_kategorie":"Sonstiges"},{"technische_daten-label":"farbegehaeuse","technische_daten-wert":"Black","technische_daten-attribut_kategorie":"Sonstiges"},{"technische_daten-label":"farbeeinfassung","technische_daten-wert":"","technische_daten-attribut_kategorie":"Sonstiges"},{"technische_daten-label":"farbestreuscheibe","technische_daten-wert":"Amber, red, white","technische_daten-attribut_kategorie":"Sonstiges"},{"technische_daten-label":"systemgroesse","technische_daten-wert":"","technische_daten-attribut_kategorie":"Ram Mount"},{"technische_daten-label":"typ","technische_daten-wert":"","technische_daten-attribut_kategorie":"Ram Mount"},{"technische_daten-label":"montageart","technische_daten-wert":"","technische_daten-attribut_kategorie":"Ram Mount"},{"technische_daten-label":"cbzuglast","technische_daten-wert":"","technische_daten-attribut_kategorie":"Clickbond"},{"technische_daten-label":"cbscherlast","technische_daten-wert":"","technische_daten-attribut_kategorie":"Clickbond"},{"technische_daten-label":"cbkontaktflaeche","technische_daten-wert":"","technische_daten-attribut_kategorie":"Clickbond"},{"technische_daten-label":"cbmaterialbasis","technische_daten-wert":"","technische_daten-attribut_kategorie":"Clickbond"},{"technische_daten-label":"cbmaterialgewinde","technische_daten-wert":"","technische_daten-attribut_kategorie":"Clickbond"},{"technische_daten-label":"cbgewindedurchmesser","technische_daten-wert":"","technische_daten-attribut_kategorie":"Clickbond"},{"technische_daten-label":"cbgewindelaenge","technische_daten-wert":"","technische_daten-attribut_kategorie":"Clickbond"},{"technische_daten-label":"cbgewindeart","technische_daten-wert":"","technische_daten-attribut_kategorie":"Clickbond"},{"technische_daten-label":"cbzuglastbruch","technische_daten-wert":"","technische_daten-attribut_kategorie":"Clickbond"},{"technische_daten-label":"cbscherlastbruch","technische_daten-wert":"","technische_daten-attribut_kategorie":"Clickbond"},{"technische_daten-label":"cbkleber","technische_daten-wert":"","technische_daten-attribut_kategorie":"Clickbond"}],"montage":[{"montage-label":"anschluss","montage-wert":"Deutsch plug (DT04-6P)"},{"montage-label":"verpolschutz","montage-wert":"1"},{"montage-label":"befestigung","montage-wert":"Built-in"},{"montage-label":"einbaumassedurchmesser","montage-wert":""},{"montage-label":"einbautiefe","montage-wert":""},{"montage-label":"sockel","montage-wert":""},{"montage-label":"gegenstecker","montage-wert":"Deutsch plug (DT06-6S)"}],"funktionen":[{"funktionen-label":"schlusslicht"},{"funktionen-label":"bremslicht"},{"funktionen-label":"rueckfahrlicht"},{"funktionen-label":"fahrtrichtungsanzeiger"},{"funktionen-label":"mitstrassenzulassung"}],"technische_zeichnungen":[{"technische_zeichnung-image":"PL-495_Rueckleuchte_265_TZ.jpg"}],"lichtbilder":null,"funktions_zeichnungen":null,"bilder":[{"bild-image":"PL-495_Rueckleuchte_265.jpg","hauptbild":"Ja"}],"more":[{"more-label":"artikelkennzeichenid","more-wert":"602"},{"more-label":"zeitstempel","more-wert":{"date":"2025-09-03 16:09:06.000000","timezone_type":3,"timezone":"UTC"}},{"more-label":"artikelid","more-wert":"602"},{"more-label":"artikelnummer","more-wert":"PL-495-26528"},{"more-label":"bezeichnung","more-wert":"LED-R\u00fcckleuchte Modell 265"},{"more-label":"langtext","more-wert":"12-24 V, Brems-, Schluss-, R\u00fcckfahr- und Blinklicht, ECE-Stra\u00dfenzulassung (Reg. 3, 6, 7, 23)\t"},{"more-label":"farbtemperaturk","more-wert":""},{"more-label":"kabelbschwarz","more-wert":"Ground"},{"more-label":"kabelbrot","more-wert":"Stop light"},{"more-label":"kabelbgelb","more-wert":"Turn signal"},{"more-label":"kabelbweiss","more-wert":"Backup light"},{"more-label":"kabelbrotweiss","more-wert":"Tail light"},{"more-label":"kabelbgruen","more-wert":""},{"more-label":"kabelbblau","more-wert":""},{"more-label":"kabelbbraun","more-wert":""},{"more-label":"kabelbgrau","more-wert":""},{"more-label":"kabelbgruengelb","more-wert":""},{"more-label":"kabelblila","more-wert":""},{"more-label":"kabelborangeweiss","more-wert":""},{"more-label":"kabelborange","more-wert":""},{"more-label":"chemischeelemente","more-wert":""},{"more-label":"zollsatz","more-wert":"2,7"},{"more-label":"vertikalenahfeldausleuchtung","more-wert":"0"},{"more-label":"lichtfarbeweiss","more-wert":"1"},{"more-label":"lichtfarbeorange","more-wert":"1"},{"more-label":"lichtfarberot","more-wert":"1"},{"more-label":"lichtfarbegruen","more-wert":"0"},{"more-label":"lichtfarbeblau","more-wert":"0"},{"more-label":"vertgelaendeausleuchtung","more-wert":"0"},{"more-label":"artikelid","more-wert":"602"},{"more-label":"sstyp","more-wert":""},{"more-label":"ssbedienung","more-wert":""},{"more-label":"zugriffschutz","more-wert":""},{"more-label":"materialram","more-wert":""},{"more-label":"rundumblitz","more-wert":"0"},{"more-label":"rundumrotation","more-wert":"0"},{"more-label":"direktional","more-wert":"0"},{"more-label":"hutyp","more-wert":""},{"more-label":"einbaustd","more-wert":""}]},"_links":{"self":[{"href":"https:\/\/jf-woo.c-1614.maxcluster.net\/en\/wp-json\/wp\/v2\/product\/17923","targetHints":{"allow":["GET"]}}],"collection":[{"href":"https:\/\/jf-woo.c-1614.maxcluster.net\/en\/wp-json\/wp\/v2\/product"}],"about":[{"href":"https:\/\/jf-woo.c-1614.maxcluster.net\/en\/wp-json\/wp\/v2\/types\/product"}],"replies":[{"embeddable":true,"href":"https:\/\/jf-woo.c-1614.maxcluster.net\/en\/wp-json\/wp\/v2\/comments?post=17923"}],"wp:attachment":[{"href":"https:\/\/jf-woo.c-1614.maxcluster.net\/en\/wp-json\/wp\/v2\/media?parent=17923"}],"wp:term":[{"taxonomy":"product_brand","embeddable":true,"href":"https:\/\/jf-woo.c-1614.maxcluster.net\/en\/wp-json\/wp\/v2\/product_brand?post=17923"},{"taxonomy":"product_cat","embeddable":true,"href":"https:\/\/jf-woo.c-1614.maxcluster.net\/en\/wp-json\/wp\/v2\/product_cat?post=17923"},{"taxonomy":"product_tag","embeddable":true,"href":"https:\/\/jf-woo.c-1614.maxcluster.net\/en\/wp-json\/wp\/v2\/product_tag?post=17923"}],"curies":[{"name":"wp","href":"https:\/\/api.w.org\/{rel}","templated":true}]}}