{"id":17931,"date":"2025-09-18T18:29:14","date_gmt":"2025-09-18T16:29:14","guid":{"rendered":"https:\/\/jf-woo.c-1614.maxcluster.net\/produkt\/uncategorized\/led-tail-light-model-279-j\/"},"modified":"2025-09-23T13:29:47","modified_gmt":"2025-09-23T11:29:47","slug":"led-tail-light-model-279-j","status":"publish","type":"product","link":"https:\/\/jf-woo.c-1614.maxcluster.net\/en\/product\/rear-and-position-lights\/tail-lights\/led-tail-light-model-279-j\/","title":{"rendered":"LED tail light model 279 J"},"content":{"rendered":"<p>Even though model 279 was originally developed for the Jeep Wrangler (and there is even a branded version for this), it naturally also looks good on other vehicles. This taillight is a great all-purpose solution.<\/p>\n<p>Please note that there are both ECE and DOT variants of this taillight. Please pay attention to the version you require when ordering.<\/p>\n","protected":false},"excerpt":{"rendered":"<p>12-24 V, stop, tail and backup light, with turn signal, DOT, 2 light kit (left and right)<\/p>\n","protected":false},"featured_media":0,"comment_status":"closed","ping_status":"closed","template":"","meta":{"_acf_changed":false},"product_brand":[],"product_cat":[181],"product_tag":[],"class_list":{"0":"post-17931","1":"product","2":"type-product","3":"status-publish","5":"product_cat-tail-lights","7":"first","8":"instock","9":"taxable","10":"shipping-taxable","11":"purchasable","12":"product-type-simple"},"acf":{"technische_daten":[{"technische_daten-label":"betriebsspannungnominal","technische_daten-wert":"","technische_daten-attribut_kategorie":"Kennzeichen"},{"technische_daten-label":"betriebsspannungfunktional","technische_daten-wert":"","technische_daten-attribut_kategorie":"Kennzeichen"},{"technische_daten-label":"leistungsaufnahme","technische_daten-wert":"","technische_daten-attribut_kategorie":"Kennzeichen"},{"technische_daten-label":"belastbarkeit","technische_daten-wert":"","technische_daten-attribut_kategorie":"Kennzeichen"},{"technische_daten-label":"temperaturbereich","technische_daten-wert":"","technische_daten-attribut_kategorie":"Kennzeichen"},{"technische_daten-label":"ausgangsspannung","technische_daten-wert":"","technische_daten-attribut_kategorie":"Leistung"},{"technische_daten-label":"helligkeitlmtheor","technische_daten-wert":"","technische_daten-attribut_kategorie":"Leistung"},{"technische_daten-label":"helligkeit","technische_daten-wert":"","technische_daten-attribut_kategorie":"Leistung"},{"technische_daten-label":"helligkeitcd","technische_daten-wert":"","technische_daten-attribut_kategorie":"Leistung"},{"technische_daten-label":"helligkeitix","technische_daten-wert":"","technische_daten-attribut_kategorie":"Leistung"},{"technische_daten-label":"helligkeitreferenzkennzahl","technische_daten-wert":"","technische_daten-attribut_kategorie":"Leistung"},{"technische_daten-label":"helligkeitlmeff","technische_daten-wert":"","technische_daten-attribut_kategorie":"Leistung"},{"technische_daten-label":"lichtbildstreuscheibe","technische_daten-wert":"","technische_daten-attribut_kategorie":"Leistung"},{"technische_daten-label":"lautstaerkedb","technische_daten-wert":"","technische_daten-attribut_kategorie":"Leistung"},{"technische_daten-label":"fassung","technische_daten-wert":"","technische_daten-attribut_kategorie":"Leistung"},{"technische_daten-label":"frequenzumdrehungen","technische_daten-wert":"","technische_daten-attribut_kategorie":"Leistung"},{"technische_daten-label":"lebensdauer","technische_daten-wert":"","technische_daten-attribut_kategorie":"Leistung"},{"technische_daten-label":"sonstiges","technische_daten-wert":"","technische_daten-attribut_kategorie":"Leistung"},{"technische_daten-label":"leistungsklasse","technische_daten-wert":"","technische_daten-attribut_kategorie":"Leistung"},{"technische_daten-label":"ausgangsleistunga","technische_daten-wert":"","technische_daten-attribut_kategorie":"Leistung"},{"technische_daten-label":"wirkungsgrad","technische_daten-wert":"","technische_daten-attribut_kategorie":"Leistung"},{"technische_daten-label":"abstrahlwinkel","technische_daten-wert":"","technische_daten-attribut_kategorie":"Leistung"},{"technische_daten-label":"schutzart","technische_daten-wert":"","technische_daten-attribut_kategorie":"Kennzeichen"},{"technische_daten-label":"widerstandsfaehigkeit","technische_daten-wert":"","technische_daten-attribut_kategorie":"Kennzeichen"},{"technische_daten-label":"kennzeichen","technische_daten-wert":"","technische_daten-attribut_kategorie":"Kennzeichen"},{"technische_daten-label":"emv","technische_daten-wert":"","technische_daten-attribut_kategorie":"Kennzeichen"},{"technische_daten-label":"transientenschutz","technische_daten-wert":"","technische_daten-attribut_kategorie":"Kennzeichen"},{"technische_daten-label":"materialgehaeuse","technische_daten-wert":"","technische_daten-attribut_kategorie":"Sonstiges"},{"technische_daten-label":"materialstreuscheibe","technische_daten-wert":"","technische_daten-attribut_kategorie":"Sonstiges"},{"technische_daten-label":"besondereauspraegungen","technische_daten-wert":"","technische_daten-attribut_kategorie":"Sonstiges"},{"technische_daten-label":"optionen","technische_daten-wert":"","technische_daten-attribut_kategorie":"Sonstiges"},{"technische_daten-label":"schliessung","technische_daten-wert":"","technische_daten-attribut_kategorie":"Sonstiges"},{"technische_daten-label":"stellungen","technische_daten-wert":"","technische_daten-attribut_kategorie":"Sonstiges"},{"technische_daten-label":"schluesselabziehbar","technische_daten-wert":"","technische_daten-attribut_kategorie":"Sonstiges"},{"technische_daten-label":"zubehoer","technische_daten-wert":"","technische_daten-attribut_kategorie":"Sonstiges"},{"technische_daten-label":"farbegehaeuse","technische_daten-wert":"","technische_daten-attribut_kategorie":"Sonstiges"},{"technische_daten-label":"farbeeinfassung","technische_daten-wert":"","technische_daten-attribut_kategorie":"Sonstiges"},{"technische_daten-label":"farbestreuscheibe","technische_daten-wert":"","technische_daten-attribut_kategorie":"Sonstiges"},{"technische_daten-label":"systemgroesse","technische_daten-wert":"","technische_daten-attribut_kategorie":"Ram Mount"},{"technische_daten-label":"typ","technische_daten-wert":"","technische_daten-attribut_kategorie":"Ram Mount"},{"technische_daten-label":"montageart","technische_daten-wert":"","technische_daten-attribut_kategorie":"Ram Mount"},{"technische_daten-label":"cbzuglast","technische_daten-wert":"","technische_daten-attribut_kategorie":"Clickbond"},{"technische_daten-label":"cbscherlast","technische_daten-wert":"","technische_daten-attribut_kategorie":"Clickbond"},{"technische_daten-label":"cbkontaktflaeche","technische_daten-wert":"","technische_daten-attribut_kategorie":"Clickbond"},{"technische_daten-label":"cbmaterialbasis","technische_daten-wert":"","technische_daten-attribut_kategorie":"Clickbond"},{"technische_daten-label":"cbmaterialgewinde","technische_daten-wert":"","technische_daten-attribut_kategorie":"Clickbond"},{"technische_daten-label":"cbgewindedurchmesser","technische_daten-wert":"","technische_daten-attribut_kategorie":"Clickbond"},{"technische_daten-label":"cbgewindelaenge","technische_daten-wert":"","technische_daten-attribut_kategorie":"Clickbond"},{"technische_daten-label":"cbgewindeart","technische_daten-wert":"","technische_daten-attribut_kategorie":"Clickbond"},{"technische_daten-label":"cbzuglastbruch","technische_daten-wert":"","technische_daten-attribut_kategorie":"Clickbond"},{"technische_daten-label":"cbscherlastbruch","technische_daten-wert":"","technische_daten-attribut_kategorie":"Clickbond"},{"technische_daten-label":"cbkleber","technische_daten-wert":"","technische_daten-attribut_kategorie":"Clickbond"}],"montage":[{"montage-label":"anschluss","montage-wert":""},{"montage-label":"verpolschutz","montage-wert":"0"},{"montage-label":"befestigung","montage-wert":""},{"montage-label":"einbaumassedurchmesser","montage-wert":""},{"montage-label":"einbautiefe","montage-wert":""},{"montage-label":"sockel","montage-wert":""},{"montage-label":"gegenstecker","montage-wert":""}],"funktionen":null,"technische_zeichnungen":[{"technische_zeichnung-image":"TL-2157_Ruecklicht_279J_TZ.jpg"}],"lichtbilder":null,"funktions_zeichnungen":null,"bilder":[{"bild-image":"TL-2157_Ruecklicht_279J.jpg","hauptbild":"Ja"},{"bild-image":"TL-2157_Ruecklicht_279J_12.jpg","hauptbild":"Nein"},{"bild-image":"TL-2157_Ruecklicht_279J_11.jpg","hauptbild":"Nein"},{"bild-image":"TL-2157_Ruecklicht_279J_10.jpg","hauptbild":"Nein"},{"bild-image":"TL-2157_Ruecklicht_279J_9.jpg","hauptbild":"Nein"},{"bild-image":"TL-2157_Ruecklicht_279J_8.jpg","hauptbild":"Nein"},{"bild-image":"TL-2157_Ruecklicht_279J_7.jpg","hauptbild":"Nein"},{"bild-image":"TL-2157_Ruecklicht_279J_6.jpg","hauptbild":"Nein"},{"bild-image":"TL-2157_Ruecklicht_279J_5.jpg","hauptbild":"Nein"},{"bild-image":"TL-2157_Ruecklicht_279J_4.jpg","hauptbild":"Nein"},{"bild-image":"TL-2157_Ruecklicht_279J_3.jpg","hauptbild":"Nein"},{"bild-image":"TL-2157_Ruecklicht_279J_2.jpg","hauptbild":"Nein"}],"more":[{"more-label":"artikelkennzeichenid","more-wert":"4224"},{"more-label":"zeitstempel","more-wert":{"date":"2025-09-03 16:29:02.000000","timezone_type":3,"timezone":"UTC"}},{"more-label":"artikelid","more-wert":"4224"},{"more-label":"artikelnummer","more-wert":"TL-2157-27411"},{"more-label":"bezeichnung","more-wert":"LED-R\u00fcckleuchte Modell 279 J"},{"more-label":"langtext","more-wert":"12-24 V, Brems-, Schluss- und R\u00fcckfahrlicht, mit Fahrtrichtungsanzeiger, DOT, Set mit 2 R\u00fccklichtern (links und rechts)"},{"more-label":"farbtemperaturk","more-wert":""},{"more-label":"kabelbschwarz","more-wert":""},{"more-label":"kabelbrot","more-wert":""},{"more-label":"kabelbgelb","more-wert":""},{"more-label":"kabelbweiss","more-wert":""},{"more-label":"kabelbrotweiss","more-wert":""},{"more-label":"kabelbgruen","more-wert":""},{"more-label":"kabelbblau","more-wert":""},{"more-label":"kabelbbraun","more-wert":""},{"more-label":"kabelbgrau","more-wert":""},{"more-label":"kabelbgruengelb","more-wert":""},{"more-label":"kabelblila","more-wert":""},{"more-label":"kabelborangeweiss","more-wert":""},{"more-label":"kabelborange","more-wert":""},{"more-label":"chemischeelemente","more-wert":""},{"more-label":"zollsatz","more-wert":"2,7"},{"more-label":"vertikalenahfeldausleuchtung","more-wert":"0"},{"more-label":"lichtfarbeweiss","more-wert":"0"},{"more-label":"lichtfarbeorange","more-wert":"0"},{"more-label":"lichtfarberot","more-wert":"0"},{"more-label":"lichtfarbegruen","more-wert":"0"},{"more-label":"lichtfarbeblau","more-wert":"0"},{"more-label":"vertgelaendeausleuchtung","more-wert":"0"},{"more-label":"artikelid","more-wert":"4224"},{"more-label":"sstyp","more-wert":""},{"more-label":"ssbedienung","more-wert":""},{"more-label":"zugriffschutz","more-wert":""},{"more-label":"materialram","more-wert":""},{"more-label":"rundumblitz","more-wert":"0"},{"more-label":"rundumrotation","more-wert":"0"},{"more-label":"direktional","more-wert":"0"},{"more-label":"hutyp","more-wert":""},{"more-label":"einbaustd","more-wert":""}]},"_links":{"self":[{"href":"https:\/\/jf-woo.c-1614.maxcluster.net\/en\/wp-json\/wp\/v2\/product\/17931","targetHints":{"allow":["GET"]}}],"collection":[{"href":"https:\/\/jf-woo.c-1614.maxcluster.net\/en\/wp-json\/wp\/v2\/product"}],"about":[{"href":"https:\/\/jf-woo.c-1614.maxcluster.net\/en\/wp-json\/wp\/v2\/types\/product"}],"replies":[{"embeddable":true,"href":"https:\/\/jf-woo.c-1614.maxcluster.net\/en\/wp-json\/wp\/v2\/comments?post=17931"}],"wp:attachment":[{"href":"https:\/\/jf-woo.c-1614.maxcluster.net\/en\/wp-json\/wp\/v2\/media?parent=17931"}],"wp:term":[{"taxonomy":"product_brand","embeddable":true,"href":"https:\/\/jf-woo.c-1614.maxcluster.net\/en\/wp-json\/wp\/v2\/product_brand?post=17931"},{"taxonomy":"product_cat","embeddable":true,"href":"https:\/\/jf-woo.c-1614.maxcluster.net\/en\/wp-json\/wp\/v2\/product_cat?post=17931"},{"taxonomy":"product_tag","embeddable":true,"href":"https:\/\/jf-woo.c-1614.maxcluster.net\/en\/wp-json\/wp\/v2\/product_tag?post=17931"}],"curies":[{"name":"wp","href":"https:\/\/api.w.org\/{rel}","templated":true}]}}