{"id":17960,"date":"2025-09-18T19:09:15","date_gmt":"2025-09-18T17:09:15","guid":{"rendered":"https:\/\/jf-woo.c-1614.maxcluster.net\/produkt\/uncategorized\/cheese-plate-set-338-in\/"},"modified":"2025-09-23T13:33:39","modified_gmt":"2025-09-23T11:33:39","slug":"cheese-plate-set-338-in","status":"publish","type":"product","link":"https:\/\/jf-woo.c-1614.maxcluster.net\/en\/product\/ram-mounts\/ram-mounts-components\/cheese-plate-set-338-in\/","title":{"rendered":"Cheese plate set, 3,38 in."},"content":{"rendered":"<p>A functioning RAM mount system always consists of a base, a connection and a device carrier. The choice of the right components creates a good basis for your individual holder.<\/p>\n<p>This solution was developed especially for the protective roofs of forklift trucks.<\/p>\n<p>This set offers the perforated plates as a fixing point for your individual RAM mount system. Different drillings in different drill patterns can be equipped flexibly with several bases. This includes a Vesa holder 12&#215;12 cm with a 3.38&#8243; ball (size E).<\/p>\n","protected":false},"excerpt":{"rendered":"<p>for overhead guard, Vesa holder 12&#215;12 cm, 3.38 in. ball (size E)<\/p>\n","protected":false},"featured_media":0,"comment_status":"closed","ping_status":"closed","template":"","meta":{"_acf_changed":false},"product_brand":[],"product_cat":[186],"product_tag":[],"class_list":{"0":"post-17960","1":"product","2":"type-product","3":"status-publish","5":"product_cat-ram-mounts-components","7":"first","8":"instock","9":"taxable","10":"shipping-taxable","11":"purchasable","12":"product-type-simple"},"acf":{"technische_daten":[{"technische_daten-label":"betriebsspannungnominal","technische_daten-wert":"","technische_daten-attribut_kategorie":"Kennzeichen"},{"technische_daten-label":"betriebsspannungfunktional","technische_daten-wert":"","technische_daten-attribut_kategorie":"Kennzeichen"},{"technische_daten-label":"leistungsaufnahme","technische_daten-wert":"","technische_daten-attribut_kategorie":"Kennzeichen"},{"technische_daten-label":"belastbarkeit","technische_daten-wert":"","technische_daten-attribut_kategorie":"Kennzeichen"},{"technische_daten-label":"temperaturbereich","technische_daten-wert":"","technische_daten-attribut_kategorie":"Kennzeichen"},{"technische_daten-label":"ausgangsspannung","technische_daten-wert":"","technische_daten-attribut_kategorie":"Leistung"},{"technische_daten-label":"helligkeitlmtheor","technische_daten-wert":"","technische_daten-attribut_kategorie":"Leistung"},{"technische_daten-label":"helligkeit","technische_daten-wert":"","technische_daten-attribut_kategorie":"Leistung"},{"technische_daten-label":"helligkeitcd","technische_daten-wert":"","technische_daten-attribut_kategorie":"Leistung"},{"technische_daten-label":"helligkeitix","technische_daten-wert":"","technische_daten-attribut_kategorie":"Leistung"},{"technische_daten-label":"helligkeitreferenzkennzahl","technische_daten-wert":"","technische_daten-attribut_kategorie":"Leistung"},{"technische_daten-label":"helligkeitlmeff","technische_daten-wert":"","technische_daten-attribut_kategorie":"Leistung"},{"technische_daten-label":"lichtbildstreuscheibe","technische_daten-wert":"","technische_daten-attribut_kategorie":"Leistung"},{"technische_daten-label":"lautstaerkedb","technische_daten-wert":"","technische_daten-attribut_kategorie":"Leistung"},{"technische_daten-label":"fassung","technische_daten-wert":"","technische_daten-attribut_kategorie":"Leistung"},{"technische_daten-label":"frequenzumdrehungen","technische_daten-wert":"","technische_daten-attribut_kategorie":"Leistung"},{"technische_daten-label":"lebensdauer","technische_daten-wert":"","technische_daten-attribut_kategorie":"Leistung"},{"technische_daten-label":"sonstiges","technische_daten-wert":"","technische_daten-attribut_kategorie":"Leistung"},{"technische_daten-label":"leistungsklasse","technische_daten-wert":"","technische_daten-attribut_kategorie":"Leistung"},{"technische_daten-label":"ausgangsleistunga","technische_daten-wert":"","technische_daten-attribut_kategorie":"Leistung"},{"technische_daten-label":"wirkungsgrad","technische_daten-wert":"","technische_daten-attribut_kategorie":"Leistung"},{"technische_daten-label":"abstrahlwinkel","technische_daten-wert":"","technische_daten-attribut_kategorie":"Leistung"},{"technische_daten-label":"schutzart","technische_daten-wert":"","technische_daten-attribut_kategorie":"Kennzeichen"},{"technische_daten-label":"widerstandsfaehigkeit","technische_daten-wert":"","technische_daten-attribut_kategorie":"Kennzeichen"},{"technische_daten-label":"kennzeichen","technische_daten-wert":"","technische_daten-attribut_kategorie":"Kennzeichen"},{"technische_daten-label":"emv","technische_daten-wert":"","technische_daten-attribut_kategorie":"Kennzeichen"},{"technische_daten-label":"transientenschutz","technische_daten-wert":"","technische_daten-attribut_kategorie":"Kennzeichen"},{"technische_daten-label":"materialgehaeuse","technische_daten-wert":"","technische_daten-attribut_kategorie":"Sonstiges"},{"technische_daten-label":"materialstreuscheibe","technische_daten-wert":"","technische_daten-attribut_kategorie":"Sonstiges"},{"technische_daten-label":"besondereauspraegungen","technische_daten-wert":"","technische_daten-attribut_kategorie":"Sonstiges"},{"technische_daten-label":"optionen","technische_daten-wert":"","technische_daten-attribut_kategorie":"Sonstiges"},{"technische_daten-label":"schliessung","technische_daten-wert":"","technische_daten-attribut_kategorie":"Sonstiges"},{"technische_daten-label":"stellungen","technische_daten-wert":"","technische_daten-attribut_kategorie":"Sonstiges"},{"technische_daten-label":"schluesselabziehbar","technische_daten-wert":"","technische_daten-attribut_kategorie":"Sonstiges"},{"technische_daten-label":"zubehoer","technische_daten-wert":"","technische_daten-attribut_kategorie":"Sonstiges"},{"technische_daten-label":"farbegehaeuse","technische_daten-wert":"","technische_daten-attribut_kategorie":"Sonstiges"},{"technische_daten-label":"farbeeinfassung","technische_daten-wert":"","technische_daten-attribut_kategorie":"Sonstiges"},{"technische_daten-label":"farbestreuscheibe","technische_daten-wert":"","technische_daten-attribut_kategorie":"Sonstiges"},{"technische_daten-label":"systemgroesse","technische_daten-wert":"3.38 in. (E)","technische_daten-attribut_kategorie":"Ram Mount"},{"technische_daten-label":"typ","technische_daten-wert":"Base","technische_daten-attribut_kategorie":"Ram Mount"},{"technische_daten-label":"montageart","technische_daten-wert":"Fixed mounting","technische_daten-attribut_kategorie":"Ram Mount"},{"technische_daten-label":"cbzuglast","technische_daten-wert":"","technische_daten-attribut_kategorie":"Clickbond"},{"technische_daten-label":"cbscherlast","technische_daten-wert":"","technische_daten-attribut_kategorie":"Clickbond"},{"technische_daten-label":"cbkontaktflaeche","technische_daten-wert":"","technische_daten-attribut_kategorie":"Clickbond"},{"technische_daten-label":"cbmaterialbasis","technische_daten-wert":"","technische_daten-attribut_kategorie":"Clickbond"},{"technische_daten-label":"cbmaterialgewinde","technische_daten-wert":"","technische_daten-attribut_kategorie":"Clickbond"},{"technische_daten-label":"cbgewindedurchmesser","technische_daten-wert":"","technische_daten-attribut_kategorie":"Clickbond"},{"technische_daten-label":"cbgewindelaenge","technische_daten-wert":"","technische_daten-attribut_kategorie":"Clickbond"},{"technische_daten-label":"cbgewindeart","technische_daten-wert":"","technische_daten-attribut_kategorie":"Clickbond"},{"technische_daten-label":"cbzuglastbruch","technische_daten-wert":"","technische_daten-attribut_kategorie":"Clickbond"},{"technische_daten-label":"cbscherlastbruch","technische_daten-wert":"","technische_daten-attribut_kategorie":"Clickbond"},{"technische_daten-label":"cbkleber","technische_daten-wert":"","technische_daten-attribut_kategorie":"Clickbond"}],"montage":[{"montage-label":"anschluss","montage-wert":""},{"montage-label":"verpolschutz","montage-wert":"0"},{"montage-label":"befestigung","montage-wert":""},{"montage-label":"einbaumassedurchmesser","montage-wert":""},{"montage-label":"einbautiefe","montage-wert":""},{"montage-label":"sockel","montage-wert":""},{"montage-label":"gegenstecker","montage-wert":""}],"funktionen":null,"technische_zeichnungen":null,"lichtbilder":null,"funktions_zeichnungen":null,"bilder":[{"bild-image":"RM-233-Basis-Lochplatten-338.jpg","hauptbild":"Ja"}],"more":[{"more-label":"artikelkennzeichenid","more-wert":"3408"},{"more-label":"zeitstempel","more-wert":{"date":"2025-09-03 16:27:09.000000","timezone_type":3,"timezone":"UTC"}},{"more-label":"artikelid","more-wert":"3408"},{"more-label":"artikelnummer","more-wert":"RM-233-33246"},{"more-label":"bezeichnung","more-wert":"Lochplatten-Set, 3,38 Zoll"},{"more-label":"langtext","more-wert":"f\u00fcr Fahrerschutzdach, mit Vesa-Halter, 12x12 cm, 3,38-Zoll-Kugel (Gr\u00f6\u00dfe E)\nRAM-335-E-246"},{"more-label":"farbtemperaturk","more-wert":""},{"more-label":"kabelbschwarz","more-wert":""},{"more-label":"kabelbrot","more-wert":""},{"more-label":"kabelbgelb","more-wert":""},{"more-label":"kabelbweiss","more-wert":""},{"more-label":"kabelbrotweiss","more-wert":""},{"more-label":"kabelbgruen","more-wert":""},{"more-label":"kabelbblau","more-wert":""},{"more-label":"kabelbbraun","more-wert":""},{"more-label":"kabelbgrau","more-wert":""},{"more-label":"kabelbgruengelb","more-wert":""},{"more-label":"kabelblila","more-wert":""},{"more-label":"kabelborangeweiss","more-wert":""},{"more-label":"kabelborange","more-wert":""},{"more-label":"chemischeelemente","more-wert":""},{"more-label":"zollsatz","more-wert":"0"},{"more-label":"vertikalenahfeldausleuchtung","more-wert":"0"},{"more-label":"lichtfarbeweiss","more-wert":"0"},{"more-label":"lichtfarbeorange","more-wert":"0"},{"more-label":"lichtfarberot","more-wert":"0"},{"more-label":"lichtfarbegruen","more-wert":"0"},{"more-label":"lichtfarbeblau","more-wert":"0"},{"more-label":"vertgelaendeausleuchtung","more-wert":"0"},{"more-label":"artikelid","more-wert":"3408"},{"more-label":"sstyp","more-wert":""},{"more-label":"ssbedienung","more-wert":""},{"more-label":"zugriffschutz","more-wert":"nicht zutreffend"},{"more-label":"materialram","more-wert":"Steel \/ Aluminum"},{"more-label":"rundumblitz","more-wert":"0"},{"more-label":"rundumrotation","more-wert":"0"},{"more-label":"direktional","more-wert":"0"},{"more-label":"hutyp","more-wert":""},{"more-label":"einbaustd","more-wert":""}]},"_links":{"self":[{"href":"https:\/\/jf-woo.c-1614.maxcluster.net\/en\/wp-json\/wp\/v2\/product\/17960","targetHints":{"allow":["GET"]}}],"collection":[{"href":"https:\/\/jf-woo.c-1614.maxcluster.net\/en\/wp-json\/wp\/v2\/product"}],"about":[{"href":"https:\/\/jf-woo.c-1614.maxcluster.net\/en\/wp-json\/wp\/v2\/types\/product"}],"replies":[{"embeddable":true,"href":"https:\/\/jf-woo.c-1614.maxcluster.net\/en\/wp-json\/wp\/v2\/comments?post=17960"}],"wp:attachment":[{"href":"https:\/\/jf-woo.c-1614.maxcluster.net\/en\/wp-json\/wp\/v2\/media?parent=17960"}],"wp:term":[{"taxonomy":"product_brand","embeddable":true,"href":"https:\/\/jf-woo.c-1614.maxcluster.net\/en\/wp-json\/wp\/v2\/product_brand?post=17960"},{"taxonomy":"product_cat","embeddable":true,"href":"https:\/\/jf-woo.c-1614.maxcluster.net\/en\/wp-json\/wp\/v2\/product_cat?post=17960"},{"taxonomy":"product_tag","embeddable":true,"href":"https:\/\/jf-woo.c-1614.maxcluster.net\/en\/wp-json\/wp\/v2\/product_tag?post=17960"}],"curies":[{"name":"wp","href":"https:\/\/api.w.org\/{rel}","templated":true}]}}