{"id":18179,"date":"2025-09-18T19:23:49","date_gmt":"2025-09-18T17:23:49","guid":{"rendered":"https:\/\/jf-woo.c-1614.maxcluster.net\/produkt\/uncategorized\/suction-cup-base-1-5-in\/"},"modified":"2025-09-23T14:09:14","modified_gmt":"2025-09-23T12:09:14","slug":"suction-cup-base-1-5-in","status":"publish","type":"product","link":"https:\/\/jf-woo.c-1614.maxcluster.net\/en\/product\/ram-mounts\/ram-mounts-components\/suction-cup-base-1-5-in\/","title":{"rendered":"Suction cup base, 1.5 in."},"content":{"rendered":"<p>A RAM mount system always consists of a base, a compound and a device carrier. This base is a good start for your individual holder.<\/p>\n<p>Especially for smooth surfaces this flexible holder has been developed. With three strong  suction cups the the base is tightened on the spot.<\/p>\n<p>With a suction cup base RAM mount systems can be installed quickly and without tools. No drilling into your vehicle is necessary. Thus it is ideal for the attachment of smaller devices at the windscreen or side windows or at other smooth and non-porous surfaces.<\/p>\n","protected":false},"excerpt":{"rendered":"<p>Triple version, diameter 8.4 cm (3.3 in.) each, with 1.5 in. ball (size C) &#8211; RAM-224-3U<\/p>\n","protected":false},"featured_media":0,"comment_status":"closed","ping_status":"closed","template":"","meta":{"_acf_changed":false},"product_brand":[],"product_cat":[186],"product_tag":[],"class_list":{"0":"post-18179","1":"product","2":"type-product","3":"status-publish","5":"product_cat-ram-mounts-components","7":"first","8":"instock","9":"taxable","10":"shipping-taxable","11":"purchasable","12":"product-type-simple"},"acf":{"technische_daten":[{"technische_daten-label":"betriebsspannungnominal","technische_daten-wert":"","technische_daten-attribut_kategorie":"Kennzeichen"},{"technische_daten-label":"betriebsspannungfunktional","technische_daten-wert":"","technische_daten-attribut_kategorie":"Kennzeichen"},{"technische_daten-label":"leistungsaufnahme","technische_daten-wert":"","technische_daten-attribut_kategorie":"Kennzeichen"},{"technische_daten-label":"belastbarkeit","technische_daten-wert":"","technische_daten-attribut_kategorie":"Kennzeichen"},{"technische_daten-label":"temperaturbereich","technische_daten-wert":"","technische_daten-attribut_kategorie":"Kennzeichen"},{"technische_daten-label":"ausgangsspannung","technische_daten-wert":"","technische_daten-attribut_kategorie":"Leistung"},{"technische_daten-label":"helligkeitlmtheor","technische_daten-wert":"","technische_daten-attribut_kategorie":"Leistung"},{"technische_daten-label":"helligkeit","technische_daten-wert":"","technische_daten-attribut_kategorie":"Leistung"},{"technische_daten-label":"helligkeitcd","technische_daten-wert":"","technische_daten-attribut_kategorie":"Leistung"},{"technische_daten-label":"helligkeitix","technische_daten-wert":"","technische_daten-attribut_kategorie":"Leistung"},{"technische_daten-label":"helligkeitreferenzkennzahl","technische_daten-wert":"","technische_daten-attribut_kategorie":"Leistung"},{"technische_daten-label":"helligkeitlmeff","technische_daten-wert":"","technische_daten-attribut_kategorie":"Leistung"},{"technische_daten-label":"lichtbildstreuscheibe","technische_daten-wert":"","technische_daten-attribut_kategorie":"Leistung"},{"technische_daten-label":"lautstaerkedb","technische_daten-wert":"","technische_daten-attribut_kategorie":"Leistung"},{"technische_daten-label":"fassung","technische_daten-wert":"","technische_daten-attribut_kategorie":"Leistung"},{"technische_daten-label":"frequenzumdrehungen","technische_daten-wert":"","technische_daten-attribut_kategorie":"Leistung"},{"technische_daten-label":"lebensdauer","technische_daten-wert":"","technische_daten-attribut_kategorie":"Leistung"},{"technische_daten-label":"sonstiges","technische_daten-wert":"","technische_daten-attribut_kategorie":"Leistung"},{"technische_daten-label":"leistungsklasse","technische_daten-wert":"","technische_daten-attribut_kategorie":"Leistung"},{"technische_daten-label":"ausgangsleistunga","technische_daten-wert":"","technische_daten-attribut_kategorie":"Leistung"},{"technische_daten-label":"wirkungsgrad","technische_daten-wert":"","technische_daten-attribut_kategorie":"Leistung"},{"technische_daten-label":"abstrahlwinkel","technische_daten-wert":"","technische_daten-attribut_kategorie":"Leistung"},{"technische_daten-label":"schutzart","technische_daten-wert":"","technische_daten-attribut_kategorie":"Kennzeichen"},{"technische_daten-label":"widerstandsfaehigkeit","technische_daten-wert":"","technische_daten-attribut_kategorie":"Kennzeichen"},{"technische_daten-label":"kennzeichen","technische_daten-wert":"","technische_daten-attribut_kategorie":"Kennzeichen"},{"technische_daten-label":"emv","technische_daten-wert":"","technische_daten-attribut_kategorie":"Kennzeichen"},{"technische_daten-label":"transientenschutz","technische_daten-wert":"","technische_daten-attribut_kategorie":"Kennzeichen"},{"technische_daten-label":"materialgehaeuse","technische_daten-wert":"","technische_daten-attribut_kategorie":"Sonstiges"},{"technische_daten-label":"materialstreuscheibe","technische_daten-wert":"","technische_daten-attribut_kategorie":"Sonstiges"},{"technische_daten-label":"besondereauspraegungen","technische_daten-wert":"","technische_daten-attribut_kategorie":"Sonstiges"},{"technische_daten-label":"optionen","technische_daten-wert":"","technische_daten-attribut_kategorie":"Sonstiges"},{"technische_daten-label":"schliessung","technische_daten-wert":"","technische_daten-attribut_kategorie":"Sonstiges"},{"technische_daten-label":"stellungen","technische_daten-wert":"","technische_daten-attribut_kategorie":"Sonstiges"},{"technische_daten-label":"schluesselabziehbar","technische_daten-wert":"","technische_daten-attribut_kategorie":"Sonstiges"},{"technische_daten-label":"zubehoer","technische_daten-wert":"","technische_daten-attribut_kategorie":"Sonstiges"},{"technische_daten-label":"farbegehaeuse","technische_daten-wert":"","technische_daten-attribut_kategorie":"Sonstiges"},{"technische_daten-label":"farbeeinfassung","technische_daten-wert":"","technische_daten-attribut_kategorie":"Sonstiges"},{"technische_daten-label":"farbestreuscheibe","technische_daten-wert":"","technische_daten-attribut_kategorie":"Sonstiges"},{"technische_daten-label":"systemgroesse","technische_daten-wert":"1.5\" (C)","technische_daten-attribut_kategorie":"Ram Mount"},{"technische_daten-label":"typ","technische_daten-wert":"Base","technische_daten-attribut_kategorie":"Ram Mount"},{"technische_daten-label":"montageart","technische_daten-wert":"Flexible mounting","technische_daten-attribut_kategorie":"Ram Mount"},{"technische_daten-label":"cbzuglast","technische_daten-wert":"","technische_daten-attribut_kategorie":"Clickbond"},{"technische_daten-label":"cbscherlast","technische_daten-wert":"","technische_daten-attribut_kategorie":"Clickbond"},{"technische_daten-label":"cbkontaktflaeche","technische_daten-wert":"","technische_daten-attribut_kategorie":"Clickbond"},{"technische_daten-label":"cbmaterialbasis","technische_daten-wert":"","technische_daten-attribut_kategorie":"Clickbond"},{"technische_daten-label":"cbmaterialgewinde","technische_daten-wert":"","technische_daten-attribut_kategorie":"Clickbond"},{"technische_daten-label":"cbgewindedurchmesser","technische_daten-wert":"","technische_daten-attribut_kategorie":"Clickbond"},{"technische_daten-label":"cbgewindelaenge","technische_daten-wert":"","technische_daten-attribut_kategorie":"Clickbond"},{"technische_daten-label":"cbgewindeart","technische_daten-wert":"","technische_daten-attribut_kategorie":"Clickbond"},{"technische_daten-label":"cbzuglastbruch","technische_daten-wert":"","technische_daten-attribut_kategorie":"Clickbond"},{"technische_daten-label":"cbscherlastbruch","technische_daten-wert":"","technische_daten-attribut_kategorie":"Clickbond"},{"technische_daten-label":"cbkleber","technische_daten-wert":"","technische_daten-attribut_kategorie":"Clickbond"}],"montage":[{"montage-label":"anschluss","montage-wert":""},{"montage-label":"verpolschutz","montage-wert":"0"},{"montage-label":"befestigung","montage-wert":""},{"montage-label":"einbaumassedurchmesser","montage-wert":""},{"montage-label":"einbautiefe","montage-wert":""},{"montage-label":"sockel","montage-wert":""},{"montage-label":"gegenstecker","montage-wert":""}],"funktionen":null,"technische_zeichnungen":null,"lichtbilder":null,"funktions_zeichnungen":null,"bilder":[{"bild-image":"RM-324-Saugnapfbasis-150.jpg","hauptbild":"Ja"}],"more":[{"more-label":"artikelkennzeichenid","more-wert":"4415"},{"more-label":"zeitstempel","more-wert":{"date":"2025-09-03 16:21:36.000000","timezone_type":3,"timezone":"UTC"}},{"more-label":"artikelid","more-wert":"4416"},{"more-label":"artikelnummer","more-wert":"RM-324-15224"},{"more-label":"bezeichnung","more-wert":"Saugnapfbasis, 1,5 Zoll"},{"more-label":"langtext","more-wert":"Dreifachausf\u00fchrung, Durchmesser je 8,4 cm (3,3 Zoll), mit 1,5-Zoll-Kugel (Gr\u00f6\u00dfe C)\nRAM-224-3U"},{"more-label":"farbtemperaturk","more-wert":""},{"more-label":"kabelbschwarz","more-wert":""},{"more-label":"kabelbrot","more-wert":""},{"more-label":"kabelbgelb","more-wert":""},{"more-label":"kabelbweiss","more-wert":""},{"more-label":"kabelbrotweiss","more-wert":""},{"more-label":"kabelbgruen","more-wert":""},{"more-label":"kabelbblau","more-wert":""},{"more-label":"kabelbbraun","more-wert":""},{"more-label":"kabelbgrau","more-wert":""},{"more-label":"kabelbgruengelb","more-wert":""},{"more-label":"kabelblila","more-wert":""},{"more-label":"kabelborangeweiss","more-wert":""},{"more-label":"kabelborange","more-wert":""},{"more-label":"chemischeelemente","more-wert":""},{"more-label":"zollsatz","more-wert":"0"},{"more-label":"vertikalenahfeldausleuchtung","more-wert":"0"},{"more-label":"lichtfarbeweiss","more-wert":"0"},{"more-label":"lichtfarbeorange","more-wert":"0"},{"more-label":"lichtfarberot","more-wert":"0"},{"more-label":"lichtfarbegruen","more-wert":"0"},{"more-label":"lichtfarbeblau","more-wert":"0"},{"more-label":"vertgelaendeausleuchtung","more-wert":"0"},{"more-label":"artikelid","more-wert":"4416"},{"more-label":"sstyp","more-wert":""},{"more-label":"ssbedienung","more-wert":""},{"more-label":"zugriffschutz","more-wert":"nein"},{"more-label":"materialram","more-wert":"Steel \/ Composite"},{"more-label":"rundumblitz","more-wert":"0"},{"more-label":"rundumrotation","more-wert":"0"},{"more-label":"direktional","more-wert":"0"},{"more-label":"hutyp","more-wert":""},{"more-label":"einbaustd","more-wert":""}]},"_links":{"self":[{"href":"https:\/\/jf-woo.c-1614.maxcluster.net\/en\/wp-json\/wp\/v2\/product\/18179","targetHints":{"allow":["GET"]}}],"collection":[{"href":"https:\/\/jf-woo.c-1614.maxcluster.net\/en\/wp-json\/wp\/v2\/product"}],"about":[{"href":"https:\/\/jf-woo.c-1614.maxcluster.net\/en\/wp-json\/wp\/v2\/types\/product"}],"replies":[{"embeddable":true,"href":"https:\/\/jf-woo.c-1614.maxcluster.net\/en\/wp-json\/wp\/v2\/comments?post=18179"}],"wp:attachment":[{"href":"https:\/\/jf-woo.c-1614.maxcluster.net\/en\/wp-json\/wp\/v2\/media?parent=18179"}],"wp:term":[{"taxonomy":"product_brand","embeddable":true,"href":"https:\/\/jf-woo.c-1614.maxcluster.net\/en\/wp-json\/wp\/v2\/product_brand?post=18179"},{"taxonomy":"product_cat","embeddable":true,"href":"https:\/\/jf-woo.c-1614.maxcluster.net\/en\/wp-json\/wp\/v2\/product_cat?post=18179"},{"taxonomy":"product_tag","embeddable":true,"href":"https:\/\/jf-woo.c-1614.maxcluster.net\/en\/wp-json\/wp\/v2\/product_tag?post=18179"}],"curies":[{"name":"wp","href":"https:\/\/api.w.org\/{rel}","templated":true}]}}