{"id":19541,"date":"2025-09-20T01:29:53","date_gmt":"2025-09-19T23:29:53","guid":{"rendered":"https:\/\/jf-woo.c-1614.maxcluster.net\/produkt\/uncategorized\/security-knob-5\/"},"modified":"2025-09-23T14:14:31","modified_gmt":"2025-09-23T12:14:31","slug":"security-knob-5","status":"publish","type":"product","link":"https:\/\/jf-woo.c-1614.maxcluster.net\/en\/product\/ram-mounts\/ram-mounts-components\/security-knob-5\/","title":{"rendered":"Security Knob"},"content":{"rendered":"<p>Protect your RAM Mount against unauthorized access. This Security Knob replaces the standard knob. After fixing the double swivel arm in the desired position, the knob can be key-locked. Turning the knob has then no result on the fixation.<\/p>\n<p>Fits all 1&#8243; double socket arms (size B) as a replacement for the standard knob.<\/p>\n","protected":false},"excerpt":{"rendered":"<p>Key-Lock security knob, with key, for all 1 in . joint arms (size B), 1\/4 in. thread (brass)<\/p>\n","protected":false},"featured_media":0,"comment_status":"closed","ping_status":"closed","template":"","meta":{"_acf_changed":false},"product_brand":[],"product_cat":[186],"product_tag":[],"class_list":{"0":"post-19541","1":"product","2":"type-product","3":"status-publish","5":"product_cat-ram-mounts-components","7":"first","8":"instock","9":"taxable","10":"shipping-taxable","11":"purchasable","12":"product-type-simple"},"acf":{"technische_daten":[{"technische_daten-label":"betriebsspannungnominal","technische_daten-wert":"","technische_daten-attribut_kategorie":"Kennzeichen"},{"technische_daten-label":"betriebsspannungfunktional","technische_daten-wert":"","technische_daten-attribut_kategorie":"Kennzeichen"},{"technische_daten-label":"leistungsaufnahme","technische_daten-wert":"","technische_daten-attribut_kategorie":"Kennzeichen"},{"technische_daten-label":"belastbarkeit","technische_daten-wert":"","technische_daten-attribut_kategorie":"Kennzeichen"},{"technische_daten-label":"temperaturbereich","technische_daten-wert":"","technische_daten-attribut_kategorie":"Kennzeichen"},{"technische_daten-label":"ausgangsspannung","technische_daten-wert":"","technische_daten-attribut_kategorie":"Leistung"},{"technische_daten-label":"helligkeitlmtheor","technische_daten-wert":"","technische_daten-attribut_kategorie":"Leistung"},{"technische_daten-label":"helligkeit","technische_daten-wert":"","technische_daten-attribut_kategorie":"Leistung"},{"technische_daten-label":"helligkeitcd","technische_daten-wert":"","technische_daten-attribut_kategorie":"Leistung"},{"technische_daten-label":"helligkeitix","technische_daten-wert":"","technische_daten-attribut_kategorie":"Leistung"},{"technische_daten-label":"helligkeitreferenzkennzahl","technische_daten-wert":"","technische_daten-attribut_kategorie":"Leistung"},{"technische_daten-label":"helligkeitlmeff","technische_daten-wert":"","technische_daten-attribut_kategorie":"Leistung"},{"technische_daten-label":"lichtbildstreuscheibe","technische_daten-wert":"","technische_daten-attribut_kategorie":"Leistung"},{"technische_daten-label":"lautstaerkedb","technische_daten-wert":"","technische_daten-attribut_kategorie":"Leistung"},{"technische_daten-label":"fassung","technische_daten-wert":"","technische_daten-attribut_kategorie":"Leistung"},{"technische_daten-label":"frequenzumdrehungen","technische_daten-wert":"","technische_daten-attribut_kategorie":"Leistung"},{"technische_daten-label":"lebensdauer","technische_daten-wert":"","technische_daten-attribut_kategorie":"Leistung"},{"technische_daten-label":"sonstiges","technische_daten-wert":"","technische_daten-attribut_kategorie":"Leistung"},{"technische_daten-label":"leistungsklasse","technische_daten-wert":"","technische_daten-attribut_kategorie":"Leistung"},{"technische_daten-label":"ausgangsleistunga","technische_daten-wert":"","technische_daten-attribut_kategorie":"Leistung"},{"technische_daten-label":"wirkungsgrad","technische_daten-wert":"","technische_daten-attribut_kategorie":"Leistung"},{"technische_daten-label":"abstrahlwinkel","technische_daten-wert":"","technische_daten-attribut_kategorie":"Leistung"},{"technische_daten-label":"schutzart","technische_daten-wert":"","technische_daten-attribut_kategorie":"Kennzeichen"},{"technische_daten-label":"widerstandsfaehigkeit","technische_daten-wert":"","technische_daten-attribut_kategorie":"Kennzeichen"},{"technische_daten-label":"kennzeichen","technische_daten-wert":"","technische_daten-attribut_kategorie":"Kennzeichen"},{"technische_daten-label":"emv","technische_daten-wert":"","technische_daten-attribut_kategorie":"Kennzeichen"},{"technische_daten-label":"transientenschutz","technische_daten-wert":"","technische_daten-attribut_kategorie":"Kennzeichen"},{"technische_daten-label":"materialgehaeuse","technische_daten-wert":"","technische_daten-attribut_kategorie":"Sonstiges"},{"technische_daten-label":"materialstreuscheibe","technische_daten-wert":"","technische_daten-attribut_kategorie":"Sonstiges"},{"technische_daten-label":"besondereauspraegungen","technische_daten-wert":"","technische_daten-attribut_kategorie":"Sonstiges"},{"technische_daten-label":"optionen","technische_daten-wert":"","technische_daten-attribut_kategorie":"Sonstiges"},{"technische_daten-label":"schliessung","technische_daten-wert":"","technische_daten-attribut_kategorie":"Sonstiges"},{"technische_daten-label":"stellungen","technische_daten-wert":"","technische_daten-attribut_kategorie":"Sonstiges"},{"technische_daten-label":"schluesselabziehbar","technische_daten-wert":"","technische_daten-attribut_kategorie":"Sonstiges"},{"technische_daten-label":"zubehoer","technische_daten-wert":"","technische_daten-attribut_kategorie":"Sonstiges"},{"technische_daten-label":"farbegehaeuse","technische_daten-wert":"","technische_daten-attribut_kategorie":"Sonstiges"},{"technische_daten-label":"farbeeinfassung","technische_daten-wert":"","technische_daten-attribut_kategorie":"Sonstiges"},{"technische_daten-label":"farbestreuscheibe","technische_daten-wert":"","technische_daten-attribut_kategorie":"Sonstiges"},{"technische_daten-label":"systemgroesse","technische_daten-wert":"1.5 in. (C)","technische_daten-attribut_kategorie":"Ram Mount"},{"technische_daten-label":"typ","technische_daten-wert":"Connector","technische_daten-attribut_kategorie":"Ram Mount"},{"technische_daten-label":"montageart","technische_daten-wert":"","technische_daten-attribut_kategorie":"Ram Mount"},{"technische_daten-label":"cbzuglast","technische_daten-wert":"","technische_daten-attribut_kategorie":"Clickbond"},{"technische_daten-label":"cbscherlast","technische_daten-wert":"","technische_daten-attribut_kategorie":"Clickbond"},{"technische_daten-label":"cbkontaktflaeche","technische_daten-wert":"","technische_daten-attribut_kategorie":"Clickbond"},{"technische_daten-label":"cbmaterialbasis","technische_daten-wert":"","technische_daten-attribut_kategorie":"Clickbond"},{"technische_daten-label":"cbmaterialgewinde","technische_daten-wert":"","technische_daten-attribut_kategorie":"Clickbond"},{"technische_daten-label":"cbgewindedurchmesser","technische_daten-wert":"","technische_daten-attribut_kategorie":"Clickbond"},{"technische_daten-label":"cbgewindelaenge","technische_daten-wert":"","technische_daten-attribut_kategorie":"Clickbond"},{"technische_daten-label":"cbgewindeart","technische_daten-wert":"","technische_daten-attribut_kategorie":"Clickbond"},{"technische_daten-label":"cbzuglastbruch","technische_daten-wert":"","technische_daten-attribut_kategorie":"Clickbond"},{"technische_daten-label":"cbscherlastbruch","technische_daten-wert":"","technische_daten-attribut_kategorie":"Clickbond"},{"technische_daten-label":"cbkleber","technische_daten-wert":"","technische_daten-attribut_kategorie":"Clickbond"}],"montage":[{"montage-label":"anschluss","montage-wert":""},{"montage-label":"verpolschutz","montage-wert":"0"},{"montage-label":"befestigung","montage-wert":""},{"montage-label":"einbaumassedurchmesser","montage-wert":""},{"montage-label":"einbautiefe","montage-wert":""},{"montage-label":"sockel","montage-wert":""},{"montage-label":"gegenstecker","montage-wert":""}],"funktionen":null,"technische_zeichnungen":null,"lichtbilder":null,"funktions_zeichnungen":null,"bilder":[{"bild-image":"RM-806_Sicherheitsknebel_100.jpg","hauptbild":"Ja"}],"more":[{"more-label":"artikelkennzeichenid","more-wert":"2910"},{"more-label":"zeitstempel","more-wert":{"date":"2025-09-03 16:34:47.000000","timezone_type":3,"timezone":"UTC"}},{"more-label":"artikelid","more-wert":"2910"},{"more-label":"artikelnummer","more-wert":"RM-806-00300"},{"more-label":"bezeichnung","more-wert":"Sicherheits-Knebel"},{"more-label":"langtext","more-wert":"Key-Lock Sicherheits-Knebel, mit Schl\u00fcssel, f\u00fcr alle 1-Zoll-Verbindungsarme (Gr\u00f6\u00dfe B), 1\/4-Zoll-Gewinde (Messing)\nRAM-KNOB3LU"},{"more-label":"farbtemperaturk","more-wert":""},{"more-label":"kabelbschwarz","more-wert":""},{"more-label":"kabelbrot","more-wert":""},{"more-label":"kabelbgelb","more-wert":""},{"more-label":"kabelbweiss","more-wert":""},{"more-label":"kabelbrotweiss","more-wert":""},{"more-label":"kabelbgruen","more-wert":""},{"more-label":"kabelbblau","more-wert":""},{"more-label":"kabelbbraun","more-wert":""},{"more-label":"kabelbgrau","more-wert":""},{"more-label":"kabelbgruengelb","more-wert":""},{"more-label":"kabelblila","more-wert":""},{"more-label":"kabelborangeweiss","more-wert":""},{"more-label":"kabelborange","more-wert":""},{"more-label":"chemischeelemente","more-wert":""},{"more-label":"zollsatz","more-wert":"0"},{"more-label":"vertikalenahfeldausleuchtung","more-wert":"0"},{"more-label":"lichtfarbeweiss","more-wert":"0"},{"more-label":"lichtfarbeorange","more-wert":"0"},{"more-label":"lichtfarberot","more-wert":"0"},{"more-label":"lichtfarbegruen","more-wert":"0"},{"more-label":"lichtfarbeblau","more-wert":"0"},{"more-label":"vertgelaendeausleuchtung","more-wert":"0"},{"more-label":"artikelid","more-wert":"2910"},{"more-label":"sstyp","more-wert":""},{"more-label":"ssbedienung","more-wert":""},{"more-label":"zugriffschutz","more-wert":"ja"},{"more-label":"materialram","more-wert":""},{"more-label":"rundumblitz","more-wert":"0"},{"more-label":"rundumrotation","more-wert":"0"},{"more-label":"direktional","more-wert":"0"},{"more-label":"hutyp","more-wert":""},{"more-label":"einbaustd","more-wert":""}]},"_links":{"self":[{"href":"https:\/\/jf-woo.c-1614.maxcluster.net\/en\/wp-json\/wp\/v2\/product\/19541","targetHints":{"allow":["GET"]}}],"collection":[{"href":"https:\/\/jf-woo.c-1614.maxcluster.net\/en\/wp-json\/wp\/v2\/product"}],"about":[{"href":"https:\/\/jf-woo.c-1614.maxcluster.net\/en\/wp-json\/wp\/v2\/types\/product"}],"replies":[{"embeddable":true,"href":"https:\/\/jf-woo.c-1614.maxcluster.net\/en\/wp-json\/wp\/v2\/comments?post=19541"}],"wp:attachment":[{"href":"https:\/\/jf-woo.c-1614.maxcluster.net\/en\/wp-json\/wp\/v2\/media?parent=19541"}],"wp:term":[{"taxonomy":"product_brand","embeddable":true,"href":"https:\/\/jf-woo.c-1614.maxcluster.net\/en\/wp-json\/wp\/v2\/product_brand?post=19541"},{"taxonomy":"product_cat","embeddable":true,"href":"https:\/\/jf-woo.c-1614.maxcluster.net\/en\/wp-json\/wp\/v2\/product_cat?post=19541"},{"taxonomy":"product_tag","embeddable":true,"href":"https:\/\/jf-woo.c-1614.maxcluster.net\/en\/wp-json\/wp\/v2\/product_tag?post=19541"}],"curies":[{"name":"wp","href":"https:\/\/api.w.org\/{rel}","templated":true}]}}